{"id":2792,"date":"2024-09-02T14:43:23","date_gmt":"2024-09-02T12:43:23","guid":{"rendered":"https:\/\/carolinger.net\/unterkuenfte\/"},"modified":"2025-09-12T14:01:26","modified_gmt":"2025-09-12T12:01:26","slug":"accommodations","status":"publish","type":"page","link":"https:\/\/carolinger.net\/en\/accommodations\/","title":{"rendered":"Accommodations"},"content":{"rendered":"\t\t<div data-elementor-type=\"wp-page\" data-elementor-id=\"2792\" class=\"elementor elementor-2792 elementor-172\" data-elementor-post-type=\"page\">\n\t\t\t\t<div class=\"elementor-element elementor-element-d5ee9bf e-flex e-con-boxed e-con e-parent\" data-id=\"d5ee9bf\" data-element_type=\"container\" data-settings=\"{&quot;background_background&quot;:&quot;classic&quot;}\">\n\t\t\t\t\t<div class=\"e-con-inner\">\n\t\t<div class=\"elementor-element elementor-element-a3c4fb8 e-con-full e-flex e-con e-child\" data-id=\"a3c4fb8\" data-element_type=\"container\">\n\t\t<div class=\"elementor-element elementor-element-ee45113 e-con-full e-flex elementor-invisible e-con e-child\" data-id=\"ee45113\" data-element_type=\"container\" data-settings=\"{&quot;animation&quot;:&quot;fadeInUp&quot;}\">\n\t\t\t\t<div class=\"elementor-element elementor-element-b503cbc elementor-invisible elementor-widget elementor-widget-heading\" data-id=\"b503cbc\" data-element_type=\"widget\" data-settings=\"{&quot;_animation&quot;:&quot;fadeInUp&quot;}\" data-widget_type=\"heading.default\">\n\t\t\t\t<div class=\"elementor-widget-container\">\n\t\t\t<h1 class=\"elementor-heading-title elementor-size-default\">Accommodations<\/h1>\t\t<\/div>\n\t\t\t\t<\/div>\n\t\t\t\t<div class=\"elementor-element elementor-element-6bbf1a4 elementor-align-left elementor-widget elementor-widget-button\" data-id=\"6bbf1a4\" data-element_type=\"widget\" data-widget_type=\"button.default\">\n\t\t\t\t<div class=\"elementor-widget-container\">\n\t\t\t\t\t\t\t<div class=\"elementor-button-wrapper\">\n\t\t\t\t\t<a class=\"elementor-button elementor-button-link elementor-size-sm\" href=\"https:\/\/carolinger.net\/en\/zimmerpreise\/\">\n\t\t\t\t\t\t<span class=\"elementor-button-content-wrapper\">\n\t\t\t\t\t\t\t\t\t<span class=\"elementor-button-text\">At the room prices<\/span>\n\t\t\t\t\t<\/span>\n\t\t\t\t\t<\/a>\n\t\t\t\t<\/div>\n\t\t\t\t\t\t<\/div>\n\t\t\t\t<\/div>\n\t\t\t\t<div class=\"elementor-element elementor-element-9025f02 elementor-align-left elementor-widget elementor-widget-button\" data-id=\"9025f02\" data-element_type=\"widget\" data-widget_type=\"button.default\">\n\t\t\t\t<div class=\"elementor-widget-container\">\n\t\t\t\t\t\t\t<div class=\"elementor-button-wrapper\">\n\t\t\t\t\t<a class=\"elementor-button elementor-button-link elementor-size-sm\" href=\"https:\/\/carolinger.net\/en\/accommodations\/chalets-apartments-ferienwohnung\/\">\n\t\t\t\t\t\t<span class=\"elementor-button-content-wrapper\">\n\t\t\t\t\t\t\t\t\t<span class=\"elementor-button-text\">To the accommodations<\/span>\n\t\t\t\t\t<\/span>\n\t\t\t\t\t<\/a>\n\t\t\t\t<\/div>\n\t\t\t\t\t\t<\/div>\n\t\t\t\t<\/div>\n\t\t\t\t<div class=\"elementor-element elementor-element-76cc49b elementor-align-left elementor-widget elementor-widget-button\" data-id=\"76cc49b\" data-element_type=\"widget\" data-widget_type=\"button.default\">\n\t\t\t\t<div class=\"elementor-widget-container\">\n\t\t\t\t\t\t\t<div class=\"elementor-button-wrapper\">\n\t\t\t\t\t<a class=\"elementor-button elementor-button-link elementor-size-sm\" href=\"https:\/\/carolinger.net\/en\/accommodations\/reservierung\/\">\n\t\t\t\t\t\t<span class=\"elementor-button-content-wrapper\">\n\t\t\t\t\t\t\t\t\t<span class=\"elementor-button-text\">To make a reservation<\/span>\n\t\t\t\t\t<\/span>\n\t\t\t\t\t<\/a>\n\t\t\t\t<\/div>\n\t\t\t\t\t\t<\/div>\n\t\t\t\t<\/div>\n\t\t<div class=\"elementor-element elementor-element-93caa15 e-con-full e-flex elementor-invisible e-con e-child\" data-id=\"93caa15\" data-element_type=\"container\" data-settings=\"{&quot;animation&quot;:&quot;fadeInUp&quot;}\">\n\t\t\t\t<div class=\"elementor-element elementor-element-08fff00 elementor-widget elementor-widget-heading\" data-id=\"08fff00\" data-element_type=\"widget\" data-widget_type=\"heading.default\">\n\t\t\t\t<div class=\"elementor-widget-container\">\n\t\t\t<h3 class=\"elementor-heading-title elementor-size-default\">Download our H\u00fcttendorf flyer here:<\/h3>\t\t<\/div>\n\t\t\t\t<\/div>\n\t\t\t\t<div class=\"elementor-element elementor-element-1239c2e elementor-widget elementor-widget-text-editor\" data-id=\"1239c2e\" data-element_type=\"widget\" data-widget_type=\"text-editor.default\">\n\t\t\t\t<div class=\"elementor-widget-container\">\n\t\t\t\t\t\t\t<em><span style=\"color: #000080;\"><a style=\"color: #000080;\" href=\"https:\/\/carolinger.net\/wp-content\/uploads\/2024\/09\/2021-08-13_Flyer_A5_fortlaufend.pdf\" target=\"_blank\" rel=\"noopener\">Download Flyer H\u00fcttendorf Carolinger<\/a><\/span><\/em>\t\t\t\t\t\t<\/div>\n\t\t\t\t<\/div>\n\t\t\t\t<\/div>\n\t\t\t\t<\/div>\n\t\t<div class=\"elementor-element elementor-element-3431dba e-con-full e-flex elementor-invisible e-con e-child\" data-id=\"3431dba\" data-element_type=\"container\" data-settings=\"{&quot;animation&quot;:&quot;fadeInUp&quot;}\">\n\t\t\t\t<div class=\"elementor-element elementor-element-7c8a1ab elementor-widget elementor-widget-image\" data-id=\"7c8a1ab\" data-element_type=\"widget\" data-widget_type=\"image.default\">\n\t\t\t\t<div class=\"elementor-widget-container\">\n\t\t\t\t\t\t\t\t\t\t\t\t\t<img fetchpriority=\"high\" decoding=\"async\" width=\"648\" height=\"400\" src=\"https:\/\/carolinger.net\/wp-content\/uploads\/2024\/09\/Carolinger-Huettendorf-Chalets-1.jpg\" class=\"attachment-large size-large wp-image-3572\" alt=\"\" srcset=\"https:\/\/carolinger.net\/wp-content\/uploads\/2024\/09\/Carolinger-Huettendorf-Chalets-1.jpg 648w, https:\/\/carolinger.net\/wp-content\/uploads\/2024\/09\/Carolinger-Huettendorf-Chalets-1-300x185.jpg 300w\" sizes=\"(max-width: 648px) 100vw, 648px\" \/>\t\t\t\t\t\t\t\t\t\t\t\t\t<\/div>\n\t\t\t\t<\/div>\n\t\t\t\t<\/div>\n\t\t\t\t<\/div>\n\t\t<div class=\"elementor-element elementor-element-fbd1813 e-con-full e-flex e-con e-child\" data-id=\"fbd1813\" data-element_type=\"container\" data-settings=\"{&quot;background_background&quot;:&quot;classic&quot;,&quot;position&quot;:&quot;absolute&quot;}\">\n\t\t\t\t<\/div>\n\t\t\t\t\t<\/div>\n\t\t\t\t<\/div>\n\t\t\t\t<\/div>\n\t\t","protected":false},"excerpt":{"rendered":"<p>Accommodations At the room prices To the accommodations To make a reservation Download our H\u00fcttendorf flyer here: Download Flyer H\u00fcttendorf Carolinger<\/p>\n","protected":false},"author":1,"featured_media":0,"parent":0,"menu_order":0,"comment_status":"closed","ping_status":"closed","template":"elementor_header_footer","meta":{"inline_featured_image":false,"footnotes":""},"class_list":["post-2792","page","type-page","status-publish","hentry"],"yoast_head":"<!-- This site is optimized with the Yoast SEO plugin v23.9 - https:\/\/yoast.com\/wordpress\/plugins\/seo\/ -->\n<title>Accommodations - Carolinger H\u00fcttendorf<\/title>\n<meta name=\"robots\" content=\"index, follow, max-snippet:-1, max-image-preview:large, max-video-preview:-1\" \/>\n<link rel=\"canonical\" href=\"https:\/\/carolinger.net\/en\/accommodations\/\" \/>\n<meta property=\"og:locale\" content=\"en_US\" \/>\n<meta property=\"og:type\" content=\"article\" \/>\n<meta property=\"og:title\" content=\"Accommodations - Carolinger H\u00fcttendorf\" \/>\n<meta property=\"og:description\" content=\"Accommodations At the room prices To the accommodations To make a reservation Download our H\u00fcttendorf flyer here: Download Flyer H\u00fcttendorf Carolinger\" \/>\n<meta property=\"og:url\" content=\"https:\/\/carolinger.net\/en\/accommodations\/\" \/>\n<meta property=\"og:site_name\" content=\"Carolinger H\u00fcttendorf\" \/>\n<meta property=\"article:publisher\" content=\"https:\/\/www.facebook.com\/CarolingerHuettendorf\/\" \/>\n<meta property=\"article:modified_time\" content=\"2025-09-12T12:01:26+00:00\" \/>\n<meta property=\"og:image\" content=\"https:\/\/carolinger.net\/wp-content\/uploads\/2024\/09\/Carolinger-Huettendorf-Chalets-1.jpg\" \/>\n<meta name=\"twitter:card\" content=\"summary_large_image\" \/>\n<meta name=\"twitter:label1\" content=\"Est. reading time\" \/>\n\t<meta name=\"twitter:data1\" content=\"1 minute\" \/>\n<script type=\"application\/ld+json\" class=\"yoast-schema-graph\">{\"@context\":\"https:\/\/schema.org\",\"@graph\":[{\"@type\":\"WebPage\",\"@id\":\"https:\/\/carolinger.net\/en\/accommodations\/\",\"url\":\"https:\/\/carolinger.net\/en\/accommodations\/\",\"name\":\"Accommodations - Carolinger H\u00fcttendorf\",\"isPartOf\":{\"@id\":\"https:\/\/carolinger.net\/#website\"},\"primaryImageOfPage\":{\"@id\":\"https:\/\/carolinger.net\/en\/accommodations\/#primaryimage\"},\"image\":{\"@id\":\"https:\/\/carolinger.net\/en\/accommodations\/#primaryimage\"},\"thumbnailUrl\":\"https:\/\/carolinger.net\/wp-content\/uploads\/2024\/09\/Carolinger-Huettendorf-Chalets-1.jpg\",\"datePublished\":\"2024-09-02T12:43:23+00:00\",\"dateModified\":\"2025-09-12T12:01:26+00:00\",\"breadcrumb\":{\"@id\":\"https:\/\/carolinger.net\/en\/accommodations\/#breadcrumb\"},\"inLanguage\":\"en-US\",\"potentialAction\":[{\"@type\":\"ReadAction\",\"target\":[\"https:\/\/carolinger.net\/en\/accommodations\/\"]}]},{\"@type\":\"ImageObject\",\"inLanguage\":\"en-US\",\"@id\":\"https:\/\/carolinger.net\/en\/accommodations\/#primaryimage\",\"url\":\"https:\/\/carolinger.net\/wp-content\/uploads\/2024\/09\/Carolinger-Huettendorf-Chalets-1.jpg\",\"contentUrl\":\"https:\/\/carolinger.net\/wp-content\/uploads\/2024\/09\/Carolinger-Huettendorf-Chalets-1.jpg\"},{\"@type\":\"BreadcrumbList\",\"@id\":\"https:\/\/carolinger.net\/en\/accommodations\/#breadcrumb\",\"itemListElement\":[{\"@type\":\"ListItem\",\"position\":1,\"name\":\"Startseite\",\"item\":\"https:\/\/carolinger.net\/en\/\"},{\"@type\":\"ListItem\",\"position\":2,\"name\":\"Accommodations\"}]},{\"@type\":\"WebSite\",\"@id\":\"https:\/\/carolinger.net\/#website\",\"url\":\"https:\/\/carolinger.net\/\",\"name\":\"Carolinger Pensionen\",\"description\":\"3-Sterne Hotel mit Caf\u00e9 N\u00e4he Limburg\",\"potentialAction\":[{\"@type\":\"SearchAction\",\"target\":{\"@type\":\"EntryPoint\",\"urlTemplate\":\"https:\/\/carolinger.net\/?s={search_term_string}\"},\"query-input\":{\"@type\":\"PropertyValueSpecification\",\"valueRequired\":true,\"valueName\":\"search_term_string\"}}],\"inLanguage\":\"en-US\"}]}<\/script>\n<!-- \/ Yoast SEO plugin. -->","yoast_head_json":{"title":"Accommodations - Carolinger H\u00fcttendorf","robots":{"index":"index","follow":"follow","max-snippet":"max-snippet:-1","max-image-preview":"max-image-preview:large","max-video-preview":"max-video-preview:-1"},"canonical":"https:\/\/carolinger.net\/en\/accommodations\/","og_locale":"en_US","og_type":"article","og_title":"Accommodations - Carolinger H\u00fcttendorf","og_description":"Accommodations At the room prices To the accommodations To make a reservation Download our H\u00fcttendorf flyer here: Download Flyer H\u00fcttendorf Carolinger","og_url":"https:\/\/carolinger.net\/en\/accommodations\/","og_site_name":"Carolinger H\u00fcttendorf","article_publisher":"https:\/\/www.facebook.com\/CarolingerHuettendorf\/","article_modified_time":"2025-09-12T12:01:26+00:00","og_image":[{"url":"https:\/\/carolinger.net\/wp-content\/uploads\/2024\/09\/Carolinger-Huettendorf-Chalets-1.jpg"}],"twitter_card":"summary_large_image","twitter_misc":{"Est. reading time":"1 minute"},"schema":{"@context":"https:\/\/schema.org","@graph":[{"@type":"WebPage","@id":"https:\/\/carolinger.net\/en\/accommodations\/","url":"https:\/\/carolinger.net\/en\/accommodations\/","name":"Accommodations - Carolinger H\u00fcttendorf","isPartOf":{"@id":"https:\/\/carolinger.net\/#website"},"primaryImageOfPage":{"@id":"https:\/\/carolinger.net\/en\/accommodations\/#primaryimage"},"image":{"@id":"https:\/\/carolinger.net\/en\/accommodations\/#primaryimage"},"thumbnailUrl":"https:\/\/carolinger.net\/wp-content\/uploads\/2024\/09\/Carolinger-Huettendorf-Chalets-1.jpg","datePublished":"2024-09-02T12:43:23+00:00","dateModified":"2025-09-12T12:01:26+00:00","breadcrumb":{"@id":"https:\/\/carolinger.net\/en\/accommodations\/#breadcrumb"},"inLanguage":"en-US","potentialAction":[{"@type":"ReadAction","target":["https:\/\/carolinger.net\/en\/accommodations\/"]}]},{"@type":"ImageObject","inLanguage":"en-US","@id":"https:\/\/carolinger.net\/en\/accommodations\/#primaryimage","url":"https:\/\/carolinger.net\/wp-content\/uploads\/2024\/09\/Carolinger-Huettendorf-Chalets-1.jpg","contentUrl":"https:\/\/carolinger.net\/wp-content\/uploads\/2024\/09\/Carolinger-Huettendorf-Chalets-1.jpg"},{"@type":"BreadcrumbList","@id":"https:\/\/carolinger.net\/en\/accommodations\/#breadcrumb","itemListElement":[{"@type":"ListItem","position":1,"name":"Startseite","item":"https:\/\/carolinger.net\/en\/"},{"@type":"ListItem","position":2,"name":"Accommodations"}]},{"@type":"WebSite","@id":"https:\/\/carolinger.net\/#website","url":"https:\/\/carolinger.net\/","name":"Carolinger Pensionen","description":"3-Sterne Hotel mit Caf\u00e9 N\u00e4he Limburg","potentialAction":[{"@type":"SearchAction","target":{"@type":"EntryPoint","urlTemplate":"https:\/\/carolinger.net\/?s={search_term_string}"},"query-input":{"@type":"PropertyValueSpecification","valueRequired":true,"valueName":"search_term_string"}}],"inLanguage":"en-US"}]}},"_links":{"self":[{"href":"https:\/\/carolinger.net\/en\/wp-json\/wp\/v2\/pages\/2792","targetHints":{"allow":["GET"]}}],"collection":[{"href":"https:\/\/carolinger.net\/en\/wp-json\/wp\/v2\/pages"}],"about":[{"href":"https:\/\/carolinger.net\/en\/wp-json\/wp\/v2\/types\/page"}],"author":[{"embeddable":true,"href":"https:\/\/carolinger.net\/en\/wp-json\/wp\/v2\/users\/1"}],"replies":[{"embeddable":true,"href":"https:\/\/carolinger.net\/en\/wp-json\/wp\/v2\/comments?post=2792"}],"version-history":[{"count":0,"href":"https:\/\/carolinger.net\/en\/wp-json\/wp\/v2\/pages\/2792\/revisions"}],"wp:attachment":[{"href":"https:\/\/carolinger.net\/en\/wp-json\/wp\/v2\/media?parent=2792"}],"curies":[{"name":"wp","href":"https:\/\/api.w.org\/{rel}","templated":true}]}}