{"id":2771,"date":"2024-09-02T14:43:55","date_gmt":"2024-09-02T12:43:55","guid":{"rendered":"https:\/\/carolinger.net\/cafe\/"},"modified":"2025-11-27T10:22:02","modified_gmt":"2025-11-27T09:22:02","slug":"cafe","status":"publish","type":"page","link":"https:\/\/carolinger.net\/en\/cafe\/","title":{"rendered":"Caf\u00e9"},"content":{"rendered":"<h1>The Carolinger Caf\u00e9<\/h1>\n<p><img fetchpriority=\"high\" decoding=\"async\" src=\"https:\/\/carolinger.net\/wp-content\/uploads\/2024\/09\/Carolinger-Cafe-Villmar.jpg\" sizes=\"(max-width: 800px) 100vw, 800px\" srcset=\"https:\/\/carolinger.net\/wp-content\/uploads\/2024\/09\/Carolinger-Cafe-Villmar.jpg 951w, https:\/\/carolinger.net\/wp-content\/uploads\/2024\/09\/Carolinger-Cafe-Villmar-300x189.jpg 300w, https:\/\/carolinger.net\/wp-content\/uploads\/2024\/09\/Carolinger-Cafe-Villmar-768x485.jpg 768w\" alt=\"\" width=\"800\" height=\"505\" \/><\/p>\n<h3>Lunch menu from Monday to Friday<\/h3>\n<p>Our caf\u00e9 offers a lunch menu between 11:30 a.m. and 2:15 p.m. on weekdays in the price range between \u20ac5.70 and \u20ac7.70. You can download our current weekly menu on the right.<br \/>\n<a href=\"https:\/\/carolinger.net\/wp-content\/uploads\/2025\/11\/2025-11-01_Speisekarte-Mittagstisch-Neu-ab-01.11.2025-angepasst-1.pdf\" target=\"_blank\" rel=\"noopener\"><br \/>\nClick here for the current lunch menu<br \/>\n<\/a><\/p>\n<h3>Breakfast buffet, coffee, cake and sweet bits<\/h3>\n<p>You can enjoy breakfast as well as afternoon coffee, cake and sweet treats in our newly built Carolinger Caf\u00e9. The caf\u00e9 is located close to the chalets and is easy to reach on foot. Kick-start your day with our delicious breakfast buffet!<\/p>\n<p><a href=\"\/wp-content\/uploads\/2024\/09\/2023-05-12_NNP-Bericht-Sustainable-Hospitality-Award-26.04.23-gL.pdf\">More about our sustainable breakfast<\/a><\/p>\n<p><strong>NEW: ONLINE VOUCHERS<\/strong><\/p>\n<p>Vouchers for the H\u00fcttendorf &amp; caf\u00e9 \u2013 easy to generate yourself via the following button. The voucher will be emailed to you directly in PDF format. Please bring the printed voucher with you when you visit.<\/p>\n<p><a href=\"https:\/\/services.gastronovi.com\/restaurants\/86556\/reservierung\/widget\/companyRoute\/1#1\" target=\"_blank\" rel=\"noopener\"><br \/>\nGutschein kaufen<br \/>\n<\/a><br \/>\n<a href=\"https:\/\/carolinger.net\/wp-content\/uploads\/2024\/09\/Cafe-Carolinger-Wintergarten.jpg\" data-elementor-open-lightbox=\"yes\" data-elementor-lightbox-slideshow=\"6ba7c22\" data-elementor-lightbox-title=\"Cafe-Carolinger-Wintergarten\" data-e-action-hash=\"#elementor-action%3Aaction%3Dlightbox%26settings%3DeyJpZCI6MzcxNCwidXJsIjoiaHR0cHM6XC9cL2Rldi1jb250ZW50LWJhZXIuZGVcL2Nhcm9cL3dwLWNvbnRlbnRcL3VwbG9hZHNcLzIwMjRcLzA5XC9DYWZlLUNhcm9saW5nZXItV2ludGVyZ2FydGVuLmpwZyIsInNsaWRlc2hvdyI6IjZiYTdjMjIifQ%3D%3D\"><br \/>\n<\/a><br \/>\n<a href=\"https:\/\/carolinger.net\/wp-content\/uploads\/2024\/09\/Cafe-Carolinger-Wintergarten2.jpg\" data-elementor-open-lightbox=\"yes\" data-elementor-lightbox-slideshow=\"6ba7c22\" data-elementor-lightbox-title=\"Cafe-Carolinger-Wintergarten2\" data-e-action-hash=\"#elementor-action%3Aaction%3Dlightbox%26settings%3DeyJpZCI6MzcxNiwidXJsIjoiaHR0cHM6XC9cL2Rldi1jb250ZW50LWJhZXIuZGVcL2Nhcm9cL3dwLWNvbnRlbnRcL3VwbG9hZHNcLzIwMjRcLzA5XC9DYWZlLUNhcm9saW5nZXItV2ludGVyZ2FydGVuMi5qcGciLCJzbGlkZXNob3ciOiI2YmE3YzIyIn0%3D\"><br \/>\n<\/a><br \/>\n<a href=\"https:\/\/carolinger.net\/wp-content\/uploads\/2024\/09\/IMG_5186-scaled.jpg\" data-elementor-open-lightbox=\"yes\" data-elementor-lightbox-slideshow=\"6ba7c22\" data-elementor-lightbox-title=\"IMG_5186\" data-e-action-hash=\"#elementor-action%3Aaction%3Dlightbox%26settings%3DeyJpZCI6MjYyNiwidXJsIjoiaHR0cHM6XC9cL2Rldi1jb250ZW50LWJhZXIuZGVcL2Nhcm9cL3dwLWNvbnRlbnRcL3VwbG9hZHNcLzIwMjRcLzA5XC9JTUdfNTE4Ni1zY2FsZWQuanBnIiwic2xpZGVzaG93IjoiNmJhN2MyMiJ9\"><br \/>\n<\/a><br \/>\n<a href=\"https:\/\/carolinger.net\/wp-content\/uploads\/2024\/09\/Cafe-Carolinger-Buffet.jpg\" data-elementor-open-lightbox=\"yes\" data-elementor-lightbox-slideshow=\"6ba7c22\" data-elementor-lightbox-title=\"Cafe-Carolinger-Buffet\" data-e-action-hash=\"#elementor-action%3Aaction%3Dlightbox%26settings%3DeyJpZCI6MzcxOCwidXJsIjoiaHR0cHM6XC9cL2Rldi1jb250ZW50LWJhZXIuZGVcL2Nhcm9cL3dwLWNvbnRlbnRcL3VwbG9hZHNcLzIwMjRcLzA5XC9DYWZlLUNhcm9saW5nZXItQnVmZmV0LmpwZyIsInNsaWRlc2hvdyI6IjZiYTdjMjIifQ%3D%3D\"><br \/>\n<\/a><br \/>\n<a href=\"https:\/\/carolinger.net\/wp-content\/uploads\/2024\/09\/Cafe-Carolinger-Theke.jpg\" data-elementor-open-lightbox=\"yes\" data-elementor-lightbox-slideshow=\"6ba7c22\" data-elementor-lightbox-title=\"Cafe-Carolinger-Theke\" data-e-action-hash=\"#elementor-action%3Aaction%3Dlightbox%26settings%3DeyJpZCI6MzcyMCwidXJsIjoiaHR0cHM6XC9cL2Rldi1jb250ZW50LWJhZXIuZGVcL2Nhcm9cL3dwLWNvbnRlbnRcL3VwbG9hZHNcLzIwMjRcLzA5XC9DYWZlLUNhcm9saW5nZXItVGhla2UuanBnIiwic2xpZGVzaG93IjoiNmJhN2MyMiJ9\"><br \/>\n<\/a><br \/>\n<a href=\"https:\/\/carolinger.net\/wp-content\/uploads\/2024\/09\/Theke-Cafe-Carolinger.jpg\" data-elementor-open-lightbox=\"yes\" data-elementor-lightbox-slideshow=\"6ba7c22\" data-elementor-lightbox-title=\"Theke-Cafe-Carolinger\" data-e-action-hash=\"#elementor-action%3Aaction%3Dlightbox%26settings%3DeyJpZCI6MzcyMiwidXJsIjoiaHR0cHM6XC9cL2Rldi1jb250ZW50LWJhZXIuZGVcL2Nhcm9cL3dwLWNvbnRlbnRcL3VwbG9hZHNcLzIwMjRcLzA5XC9UaGVrZS1DYWZlLUNhcm9saW5nZXIuanBnIiwic2xpZGVzaG93IjoiNmJhN2MyMiJ9\"><br \/>\n<\/a><br \/>\n<a href=\"https:\/\/carolinger.net\/wp-content\/uploads\/2024\/09\/Cafe-Carolinger-Gastraum.jpg\" data-elementor-open-lightbox=\"yes\" data-elementor-lightbox-slideshow=\"6ba7c22\" data-elementor-lightbox-title=\"Cafe-Carolinger-Gastraum\" data-e-action-hash=\"#elementor-action%3Aaction%3Dlightbox%26settings%3DeyJpZCI6MzcyNCwidXJsIjoiaHR0cHM6XC9cL2Rldi1jb250ZW50LWJhZXIuZGVcL2Nhcm9cL3dwLWNvbnRlbnRcL3VwbG9hZHNcLzIwMjRcLzA5XC9DYWZlLUNhcm9saW5nZXItR2FzdHJhdW0uanBnIiwic2xpZGVzaG93IjoiNmJhN2MyMiJ9\"><br \/>\n<\/a><br \/>\n<a href=\"https:\/\/carolinger.net\/wp-content\/uploads\/2024\/09\/Gastraum-Cafe-Carolinger.jpg\" data-elementor-open-lightbox=\"yes\" data-elementor-lightbox-slideshow=\"6ba7c22\" data-elementor-lightbox-title=\"Gastraum-Cafe-Carolinger\" data-e-action-hash=\"#elementor-action%3Aaction%3Dlightbox%26settings%3DeyJpZCI6MzcyNiwidXJsIjoiaHR0cHM6XC9cL2Rldi1jb250ZW50LWJhZXIuZGVcL2Nhcm9cL3dwLWNvbnRlbnRcL3VwbG9hZHNcLzIwMjRcLzA5XC9HYXN0cmF1bS1DYWZlLUNhcm9saW5nZXIuanBnIiwic2xpZGVzaG93IjoiNmJhN2MyMiJ9\"><br \/>\n<\/a><br \/>\nPrevious<br \/>\nNext<\/p>\n<h4>Our breakfast buffet:<\/h4>\n<ul>\n<li>Fresh rolls and bread selection<\/li>\n<li>Cheese<\/li>\n<li>Sausage<\/li>\n<li>Marmalade<\/li>\n<li>Butter<\/li>\n<li>Quark dishes<\/li>\n<li>Fresh fruit<\/li>\n<li>Boiled eggs<\/li>\n<li>Scrambled eggs with and without bacon<\/li>\n<li>Coffee &amp; tea<\/li>\n<li><\/li>\n<\/ul>\n<h4>Download our breakfast flyer here:<\/h4>\n<p><a href=\"https:\/\/carolinger.net\/wp-content\/uploads\/2025\/10\/Flyer-Fruhstuck-A5.pdf\" target=\"_blank\" rel=\"noopener\">Fr\u00fchst\u00fccks-Flyer Okt. 2025<\/a><\/p>\n<h4>Download our flyer here:<\/h4>\n<p><a href=\"https:\/\/carolinger.net\/wp-content\/uploads\/2024\/09\/Aktuell-AU24-0012-Speisekarte-low.pdf\" target=\"_blank\" rel=\"noopener\">Flyer Caf\u00e9 (Speisekarte 01-2024)<\/a><a href=\"https:\/\/carolinger.net\/wp-content\/uploads\/2024\/09\/2024-09-19_Flyer-WhatsApp.pdf\"><br \/>\nRead more<br \/>\n<\/a><\/p>\n<p>The\u00a0<strong>Carolinger Caf\u00e9<\/strong>\u00a0can accommodate around 50 guests. Our very own bakery is situated in the entrance area with ovens where we bake fresh buns and bread each morning. Guests staying in the chalets, Stellahaus and holiday home can enjoy breakfast in the caf\u00e9.<\/p>\n<p>A delicious breakfast buffet awaits groups there. Breakfast can be tailored to your personal preference upon request.<\/p>\n<p>The caf\u00e9 is also fitted with a complete restaurant kitchen, meaning you can organise birthdays, confirmations and similar occasions in an\u00a0<em>alternative<\/em>\u00a0location to the\u00a0<a href=\"https:\/\/www.wissegiggl.de\/\">Wissegiggl restaurant<\/a>. In addition to its pleasant ambience inside, the caf\u00e9 also has a balcony terrace with around 25 seats and views over the Laubusbach river, the town and the forests of the Farther Taunus region.<\/p>\n<p>You can also get\u00a0golf clubs, balls, etc. for our\u00a0<a href=\"https:\/\/carolinger.net\/en\/leisure-offers\/minigolf\/\">minigolf course<\/a>.<\/p>\n","protected":false},"excerpt":{"rendered":"<p>The Carolinger Caf\u00e9 Lunch menu from Monday to Friday Our caf\u00e9 offers a lunch menu between 11:30 a.m. and 2:15 p.m. on weekdays in the price range between \u20ac5.70 and \u20ac7.70. You can download our current weekly menu on the right. Click here for the current lunch menu Breakfast buffet, coffee, cake and sweet bits [&hellip;]<\/p>\n","protected":false},"author":1,"featured_media":0,"parent":0,"menu_order":0,"comment_status":"closed","ping_status":"closed","template":"elementor_header_footer","meta":{"inline_featured_image":false,"footnotes":""},"class_list":["post-2771","page","type-page","status-publish","hentry"],"yoast_head":"<!-- This site is optimized with the Yoast SEO plugin v23.9 - https:\/\/yoast.com\/wordpress\/plugins\/seo\/ -->\n<title>Caf\u00e9 - Carolinger H\u00fcttendorf<\/title>\n<meta name=\"robots\" content=\"index, follow, max-snippet:-1, max-image-preview:large, max-video-preview:-1\" \/>\n<link rel=\"canonical\" href=\"https:\/\/carolinger.net\/en\/cafe\/\" \/>\n<meta property=\"og:locale\" content=\"en_US\" \/>\n<meta property=\"og:type\" content=\"article\" \/>\n<meta property=\"og:title\" content=\"Caf\u00e9 - Carolinger H\u00fcttendorf\" \/>\n<meta property=\"og:description\" content=\"The Carolinger Caf\u00e9 Lunch menu from Monday to Friday Our caf\u00e9 offers a lunch menu between 11:30 a.m. and 2:15 p.m. on weekdays in the price range between \u20ac5.70 and \u20ac7.70. You can download our current weekly menu on the right. Click here for the current lunch menu Breakfast buffet, coffee, cake and sweet bits [&hellip;]\" \/>\n<meta property=\"og:url\" content=\"https:\/\/carolinger.net\/en\/cafe\/\" \/>\n<meta property=\"og:site_name\" content=\"Carolinger H\u00fcttendorf\" \/>\n<meta property=\"article:publisher\" content=\"https:\/\/www.facebook.com\/CarolingerHuettendorf\/\" \/>\n<meta property=\"article:modified_time\" content=\"2025-11-27T09:22:02+00:00\" \/>\n<meta property=\"og:image\" content=\"https:\/\/carolinger.net\/wp-content\/uploads\/2024\/09\/Carolinger-Cafe-Villmar.jpg\" \/>\n<meta name=\"twitter:card\" content=\"summary_large_image\" \/>\n<meta name=\"twitter:label1\" content=\"Est. reading time\" \/>\n\t<meta name=\"twitter:data1\" content=\"2 minutes\" \/>\n<script type=\"application\/ld+json\" class=\"yoast-schema-graph\">{\"@context\":\"https:\/\/schema.org\",\"@graph\":[{\"@type\":\"WebPage\",\"@id\":\"https:\/\/carolinger.net\/en\/cafe\/\",\"url\":\"https:\/\/carolinger.net\/en\/cafe\/\",\"name\":\"Caf\u00e9 - Carolinger H\u00fcttendorf\",\"isPartOf\":{\"@id\":\"https:\/\/carolinger.net\/#website\"},\"primaryImageOfPage\":{\"@id\":\"https:\/\/carolinger.net\/en\/cafe\/#primaryimage\"},\"image\":{\"@id\":\"https:\/\/carolinger.net\/en\/cafe\/#primaryimage\"},\"thumbnailUrl\":\"https:\/\/carolinger.net\/wp-content\/uploads\/2024\/09\/Carolinger-Cafe-Villmar.jpg\",\"datePublished\":\"2024-09-02T12:43:55+00:00\",\"dateModified\":\"2025-11-27T09:22:02+00:00\",\"breadcrumb\":{\"@id\":\"https:\/\/carolinger.net\/en\/cafe\/#breadcrumb\"},\"inLanguage\":\"en-US\",\"potentialAction\":[{\"@type\":\"ReadAction\",\"target\":[\"https:\/\/carolinger.net\/en\/cafe\/\"]}]},{\"@type\":\"ImageObject\",\"inLanguage\":\"en-US\",\"@id\":\"https:\/\/carolinger.net\/en\/cafe\/#primaryimage\",\"url\":\"https:\/\/carolinger.net\/wp-content\/uploads\/2024\/09\/Carolinger-Cafe-Villmar.jpg\",\"contentUrl\":\"https:\/\/carolinger.net\/wp-content\/uploads\/2024\/09\/Carolinger-Cafe-Villmar.jpg\"},{\"@type\":\"BreadcrumbList\",\"@id\":\"https:\/\/carolinger.net\/en\/cafe\/#breadcrumb\",\"itemListElement\":[{\"@type\":\"ListItem\",\"position\":1,\"name\":\"Startseite\",\"item\":\"https:\/\/carolinger.net\/en\/\"},{\"@type\":\"ListItem\",\"position\":2,\"name\":\"Caf\u00e9\"}]},{\"@type\":\"WebSite\",\"@id\":\"https:\/\/carolinger.net\/#website\",\"url\":\"https:\/\/carolinger.net\/\",\"name\":\"Carolinger Pensionen\",\"description\":\"3-Sterne Hotel mit Caf\u00e9 N\u00e4he Limburg\",\"potentialAction\":[{\"@type\":\"SearchAction\",\"target\":{\"@type\":\"EntryPoint\",\"urlTemplate\":\"https:\/\/carolinger.net\/?s={search_term_string}\"},\"query-input\":{\"@type\":\"PropertyValueSpecification\",\"valueRequired\":true,\"valueName\":\"search_term_string\"}}],\"inLanguage\":\"en-US\"}]}<\/script>\n<!-- \/ Yoast SEO plugin. -->","yoast_head_json":{"title":"Caf\u00e9 - Carolinger H\u00fcttendorf","robots":{"index":"index","follow":"follow","max-snippet":"max-snippet:-1","max-image-preview":"max-image-preview:large","max-video-preview":"max-video-preview:-1"},"canonical":"https:\/\/carolinger.net\/en\/cafe\/","og_locale":"en_US","og_type":"article","og_title":"Caf\u00e9 - Carolinger H\u00fcttendorf","og_description":"The Carolinger Caf\u00e9 Lunch menu from Monday to Friday Our caf\u00e9 offers a lunch menu between 11:30 a.m. and 2:15 p.m. on weekdays in the price range between \u20ac5.70 and \u20ac7.70. You can download our current weekly menu on the right. Click here for the current lunch menu Breakfast buffet, coffee, cake and sweet bits [&hellip;]","og_url":"https:\/\/carolinger.net\/en\/cafe\/","og_site_name":"Carolinger H\u00fcttendorf","article_publisher":"https:\/\/www.facebook.com\/CarolingerHuettendorf\/","article_modified_time":"2025-11-27T09:22:02+00:00","og_image":[{"url":"https:\/\/carolinger.net\/wp-content\/uploads\/2024\/09\/Carolinger-Cafe-Villmar.jpg"}],"twitter_card":"summary_large_image","twitter_misc":{"Est. reading time":"2 minutes"},"schema":{"@context":"https:\/\/schema.org","@graph":[{"@type":"WebPage","@id":"https:\/\/carolinger.net\/en\/cafe\/","url":"https:\/\/carolinger.net\/en\/cafe\/","name":"Caf\u00e9 - Carolinger H\u00fcttendorf","isPartOf":{"@id":"https:\/\/carolinger.net\/#website"},"primaryImageOfPage":{"@id":"https:\/\/carolinger.net\/en\/cafe\/#primaryimage"},"image":{"@id":"https:\/\/carolinger.net\/en\/cafe\/#primaryimage"},"thumbnailUrl":"https:\/\/carolinger.net\/wp-content\/uploads\/2024\/09\/Carolinger-Cafe-Villmar.jpg","datePublished":"2024-09-02T12:43:55+00:00","dateModified":"2025-11-27T09:22:02+00:00","breadcrumb":{"@id":"https:\/\/carolinger.net\/en\/cafe\/#breadcrumb"},"inLanguage":"en-US","potentialAction":[{"@type":"ReadAction","target":["https:\/\/carolinger.net\/en\/cafe\/"]}]},{"@type":"ImageObject","inLanguage":"en-US","@id":"https:\/\/carolinger.net\/en\/cafe\/#primaryimage","url":"https:\/\/carolinger.net\/wp-content\/uploads\/2024\/09\/Carolinger-Cafe-Villmar.jpg","contentUrl":"https:\/\/carolinger.net\/wp-content\/uploads\/2024\/09\/Carolinger-Cafe-Villmar.jpg"},{"@type":"BreadcrumbList","@id":"https:\/\/carolinger.net\/en\/cafe\/#breadcrumb","itemListElement":[{"@type":"ListItem","position":1,"name":"Startseite","item":"https:\/\/carolinger.net\/en\/"},{"@type":"ListItem","position":2,"name":"Caf\u00e9"}]},{"@type":"WebSite","@id":"https:\/\/carolinger.net\/#website","url":"https:\/\/carolinger.net\/","name":"Carolinger Pensionen","description":"3-Sterne Hotel mit Caf\u00e9 N\u00e4he Limburg","potentialAction":[{"@type":"SearchAction","target":{"@type":"EntryPoint","urlTemplate":"https:\/\/carolinger.net\/?s={search_term_string}"},"query-input":{"@type":"PropertyValueSpecification","valueRequired":true,"valueName":"search_term_string"}}],"inLanguage":"en-US"}]}},"_links":{"self":[{"href":"https:\/\/carolinger.net\/en\/wp-json\/wp\/v2\/pages\/2771","targetHints":{"allow":["GET"]}}],"collection":[{"href":"https:\/\/carolinger.net\/en\/wp-json\/wp\/v2\/pages"}],"about":[{"href":"https:\/\/carolinger.net\/en\/wp-json\/wp\/v2\/types\/page"}],"author":[{"embeddable":true,"href":"https:\/\/carolinger.net\/en\/wp-json\/wp\/v2\/users\/1"}],"replies":[{"embeddable":true,"href":"https:\/\/carolinger.net\/en\/wp-json\/wp\/v2\/comments?post=2771"}],"version-history":[{"count":2,"href":"https:\/\/carolinger.net\/en\/wp-json\/wp\/v2\/pages\/2771\/revisions"}],"predecessor-version":[{"id":5217,"href":"https:\/\/carolinger.net\/en\/wp-json\/wp\/v2\/pages\/2771\/revisions\/5217"}],"wp:attachment":[{"href":"https:\/\/carolinger.net\/en\/wp-json\/wp\/v2\/media?parent=2771"}],"curies":[{"name":"wp","href":"https:\/\/api.w.org\/{rel}","templated":true}]}}